{"id":9,"date":"2023-07-05T12:22:44","date_gmt":"2023-07-05T12:22:44","guid":{"rendered":"https:\/\/test.spurs.ch\/?page_id=9"},"modified":"2024-08-26T07:55:31","modified_gmt":"2024-08-26T05:55:31","slug":"contact","status":"publish","type":"page","link":"https:\/\/spurs.ch\/de\/kontakt\/","title":{"rendered":"Kontakt"},"content":{"rendered":"\r\n<h2 class=\"wp-block-heading has-text-align-center has-white-color has-text-color has-background\" style=\"background-color: #1a2a49;\">Kontaktieren Sie Uns<\/h2>\r\n\r\n\r\n\r\n<p class=\"has-text-align-center has-very-light-gray-background-color has-background\">Bitte verwenden Sie das untenstehende Formular, wenn Sie mit uns Kontakt aufnehmen m\u00f6chten.<br \/>Wir werden uns so schnell wie m\u00f6glich bei Ihnen melden. <br \/><br \/>Wenn Sie eine Mitgliedschaft bei den Swiss Spurs beantragen m\u00f6chten, klicken Sie <a href=\"https:\/\/spurs.ch\/apply\/\">hier<\/a>.<br \/><br \/>Bitte beachten Sie, dass wir Ticketanfragen ignorieren.<br \/><a href=\"https:\/\/spurs.ch\/datenschutzerklaerung\/\" target=\"_blank\" rel=\"noreferrer noopener\" data-type=\"page\" data-id=\"2162\">Datenschutzerkl\u00e4rung<\/a> \r\n\r\n\r\n<div class=\"forminator-guttenberg\"><div class=\"forminator-ui forminator-custom-form forminator-custom-form-1759 forminator-design--flat  \" data-forminator-render=\"0\" data-form=\"forminator-module-1759\" data-uid=\"69e4bdf71af88\"><br\/><\/div><form\n\t\t\t\tid=\"forminator-module-1759\"\n\t\t\t\tclass=\"forminator-ui forminator-custom-form forminator-custom-form-1759 forminator-design--flat  \"\n\t\t\t\tmethod=\"post\"\n\t\t\t\tdata-forminator-render=\"0\"\n\t\t\t\tdata-form-id=\"1759\"\n\t\t\t\t data-color-option=\"default\" data-design=\"flat\" data-grid=\"open\" style=\"display: none;\"\n\t\t\t\tdata-uid=\"69e4bdf71af88\"\n\t\t\t><div role=\"alert\" aria-live=\"polite\" class=\"forminator-response-message forminator-error\" aria-hidden=\"true\"><\/div><div class=\"forminator-row\"><div id=\"name-2\" class=\"forminator-field-name forminator-col forminator-col-6 \"><div class=\"forminator-field\"><label for=\"forminator-field-name-2_69e4bdf71af88\" id=\"forminator-field-name-2_69e4bdf71af88-label\" class=\"forminator-label\">First Name \/ Vorname <span class=\"forminator-required\">*<\/span><\/label><input type=\"text\" name=\"name-2\" value=\"\" placeholder=\"E.g. John\" id=\"forminator-field-name-2_69e4bdf71af88\" class=\"forminator-input forminator-name--field\" aria-required=\"true\" autocomplete=\"name\" \/><\/div><\/div><div id=\"name-1\" class=\"forminator-field-name forminator-col forminator-col-6 \"><div class=\"forminator-field\"><label for=\"forminator-field-name-1_69e4bdf71af88\" id=\"forminator-field-name-1_69e4bdf71af88-label\" class=\"forminator-label\">Surname \/ Nachname <span class=\"forminator-required\">*<\/span><\/label><input type=\"text\" name=\"name-1\" value=\"\" placeholder=\"E.g. Smith\" id=\"forminator-field-name-1_69e4bdf71af88\" class=\"forminator-input forminator-name--field\" aria-required=\"true\" autocomplete=\"name\" \/><\/div><\/div><\/div><div class=\"forminator-row\"><div id=\"email-1\" class=\"forminator-field-email forminator-col forminator-col-12 \"><div class=\"forminator-field\"><label for=\"forminator-field-email-1_69e4bdf71af88\" id=\"forminator-field-email-1_69e4bdf71af88-label\" class=\"forminator-label\">Email <span class=\"forminator-required\">*<\/span><\/label><input type=\"email\" name=\"email-1\" value=\"\" placeholder=\"E.g. john@doe.com\" id=\"forminator-field-email-1_69e4bdf71af88\" class=\"forminator-input forminator-email--field\" data-required=\"1\" aria-required=\"true\" autocomplete=\"email\" \/><\/div><\/div><\/div><div class=\"forminator-row\"><div id=\"textarea-3\" class=\"forminator-field-textarea forminator-col forminator-col-12 \"><div class=\"forminator-field\"><label for=\"forminator-field-textarea-3_69e4bdf71af88\" id=\"forminator-field-textarea-3_69e4bdf71af88-label\" class=\"forminator-label\">Message \/ Mitteilung <span class=\"forminator-required\">*<\/span><\/label><textarea name=\"textarea-3\" placeholder=\"\" id=\"forminator-field-textarea-3_69e4bdf71af88\" class=\"forminator-textarea\" rows=\"6\" style=\"min-height:60px;\" ><\/textarea><\/div><\/div><\/div><input type=\"hidden\" name=\"referer_url\" value=\"\" \/><div class=\"forminator-row forminator-row-last\"><div class=\"forminator-col\"><div class=\"forminator-field\"><button class=\"forminator-button forminator-button-submit\">Send Message \/ Mitteilung Senden<\/button><\/div><\/div><\/div><input type=\"hidden\" id=\"forminator_nonce\" name=\"forminator_nonce\" value=\"ecce383b6e\" \/><input type=\"hidden\" name=\"_wp_http_referer\" value=\"\/de\/wp-json\/wp\/v2\/pages\/9\" \/><input type=\"hidden\" name=\"form_id\" value=\"1759\"><input type=\"hidden\" name=\"page_id\" value=\"9\"><input type=\"hidden\" name=\"form_type\" value=\"default\"><input type=\"hidden\" name=\"current_url\" value=\"https:\/\/spurs.ch\/de\/kontakt\/\"><input type=\"hidden\" name=\"render_id\" value=\"0\"><input type=\"hidden\" name=\"action\" value=\"forminator_submit_form_custom-forms\"><\/form><\/div>\r\n","protected":false},"excerpt":{"rendered":"<p>Kontaktieren Sie Uns Bitte verwenden Sie das untenstehende Formular, wenn Sie mit uns Kontakt aufnehmen m\u00f6chten.Wir werden uns so schnell wie m\u00f6glich bei Ihnen melden. Wenn Sie eine Mitgliedschaft bei den Swiss Spurs beantragen m\u00f6chten, klicken Sie hier. Bitte beachten &hellip; <a href=\"https:\/\/spurs.ch\/de\/kontakt\/\">Continued<\/a><\/p>\n","protected":false},"author":2,"featured_media":0,"parent":0,"menu_order":0,"comment_status":"closed","ping_status":"closed","template":"","meta":{"kt_blocks_editor_width":"","_themeisle_gutenberg_block_has_review":false,"footnotes":""},"class_list":["post-9","page","type-page","status-publish","hentry"],"featured_image_src":null,"_links":{"self":[{"href":"https:\/\/spurs.ch\/de\/wp-json\/wp\/v2\/pages\/9","targetHints":{"allow":["GET"]}}],"collection":[{"href":"https:\/\/spurs.ch\/de\/wp-json\/wp\/v2\/pages"}],"about":[{"href":"https:\/\/spurs.ch\/de\/wp-json\/wp\/v2\/types\/page"}],"author":[{"embeddable":true,"href":"https:\/\/spurs.ch\/de\/wp-json\/wp\/v2\/users\/2"}],"replies":[{"embeddable":true,"href":"https:\/\/spurs.ch\/de\/wp-json\/wp\/v2\/comments?post=9"}],"version-history":[{"count":0,"href":"https:\/\/spurs.ch\/de\/wp-json\/wp\/v2\/pages\/9\/revisions"}],"wp:attachment":[{"href":"https:\/\/spurs.ch\/de\/wp-json\/wp\/v2\/media?parent=9"}],"curies":[{"name":"wp","href":"https:\/\/api.w.org\/{rel}","templated":true}]}}