{"id":511,"date":"2023-07-14T18:00:27","date_gmt":"2023-07-14T16:00:27","guid":{"rendered":"https:\/\/test.spurs.ch\/?page_id=511"},"modified":"2024-09-13T23:19:39","modified_gmt":"2024-09-13T21:19:39","slug":"committee","status":"publish","type":"page","link":"https:\/\/spurs.ch\/de\/vorstand\/","title":{"rendered":"Vorstand"},"content":{"rendered":"\r\n<h2 class=\"wp-block-heading has-text-align-center has-white-color has-text-color has-background\" style=\"background-color: #1a2a49;\">Vorstand<\/h2>\r\n\r\n\r\n\r\n<div class=\"wp-block-columns has-very-light-gray-background-color has-background is-layout-flex wp-container-core-columns-is-layout-9d6595d7 wp-block-columns-is-layout-flex\">\r\n<div class=\"wp-block-column is-layout-flow wp-block-column-is-layout-flow\"><style>.wp-block-kadence-column.kb-section-dir-horizontal > .kt-inside-inner-col > .kt-info-box511_4fede7-3f .kt-blocks-info-box-link-wrap{max-width:unset;}.kt-info-box511_4fede7-3f .kt-blocks-info-box-link-wrap{border-top:5px solid var(--global-palette7, #eeeeee);border-right:5px solid var(--global-palette7, #eeeeee);border-bottom:5px solid var(--global-palette7, #eeeeee);border-left:5px solid var(--global-palette7, #eeeeee);border-top-left-radius:20px;border-top-right-radius:20px;border-bottom-right-radius:20px;border-bottom-left-radius:20px;background:#ffffff;padding-top:var(--global-kb-spacing-sm, 1.5rem);padding-right:var(--global-kb-spacing-sm, 1.5rem);padding-bottom:var(--global-kb-spacing-sm, 1.5rem);padding-left:var(--global-kb-spacing-sm, 1.5rem);margin-top:50px;}.kt-info-box511_4fede7-3f.wp-block-kadence-infobox{max-width:100%;}.kt-info-box511_4fede7-3f .kadence-info-box-image-inner-intrisic-container{max-width:150px;}.kt-info-box511_4fede7-3f .kadence-info-box-image-inner-intrisic-container .kadence-info-box-image-intrisic{padding-bottom:100%;width:150px;height:0px;max-width:100%;}.kt-info-box511_4fede7-3f .kadence-info-box-icon-container .kt-info-svg-icon, .kt-info-box511_4fede7-3f .kt-info-svg-icon-flip, .kt-info-box511_4fede7-3f .kt-blocks-info-box-number{font-size:50px;}.kt-info-box511_4fede7-3f .kt-blocks-info-box-media{background:#ffffff;border-color:var(--global-palette7, #eeeeee);border-radius:200px;overflow:hidden;border-top-width:5px;border-right-width:5px;border-bottom-width:5px;border-left-width:5px;padding-top:0px;padding-right:0px;padding-bottom:0px;padding-left:0px;}.kt-info-box511_4fede7-3f .kt-blocks-info-box-media-container{margin-top:-75px;margin-right:0px;margin-bottom:20px;margin-left:0px;}.kt-info-box511_4fede7-3f .kt-infobox-textcontent h2.kt-blocks-info-box-title{padding-top:0px;padding-right:0px;padding-bottom:0px;padding-left:0px;margin-top:5px;margin-right:0px;margin-bottom:10px;margin-left:0px;}.kt-info-box511_4fede7-3f .kt-blocks-info-box-learnmore{background:transparent;border-width:0px 0px 0px 0px;padding-top:4px;padding-right:8px;padding-bottom:4px;padding-left:8px;margin-top:10px;margin-right:0px;margin-bottom:10px;margin-left:0px;}@media all and (max-width: 1024px){.kt-info-box511_4fede7-3f .kt-blocks-info-box-link-wrap{border-top:5px solid var(--global-palette7, #eeeeee);border-right:5px solid var(--global-palette7, #eeeeee);border-bottom:5px solid var(--global-palette7, #eeeeee);border-left:5px solid var(--global-palette7, #eeeeee);}}@media all and (max-width: 767px){.kt-info-box511_4fede7-3f .kt-blocks-info-box-link-wrap{border-top:5px solid var(--global-palette7, #eeeeee);border-right:5px solid var(--global-palette7, #eeeeee);border-bottom:5px solid var(--global-palette7, #eeeeee);border-left:5px solid var(--global-palette7, #eeeeee);}}<\/style>\r\n<div class=\"wp-block-kadence-infobox kt-info-box511_4fede7-3f\"><span class=\"kt-blocks-info-box-link-wrap info-box-link kt-blocks-info-box-media-align-top kt-info-halign-center\"><div class=\"kt-blocks-info-box-media-container\"><div class=\"kt-blocks-info-box-media kt-info-media-animate-none\"><div class=\"kadence-info-box-image-inner-intrisic-container\"><div class=\"kadence-info-box-image-intrisic kt-info-animate-none\"><div class=\"kadence-info-box-image-inner-intrisic\"><img loading=\"lazy\" decoding=\"async\" src=\"https:\/\/spurs.ch\/wp-content\/uploads\/2023\/07\/Img2200-1-150x150.png\" alt=\"\" width=\"150\" height=\"150\" class=\"kt-info-box-image wp-image-827\" srcset=\"https:\/\/spurs.ch\/wp-content\/uploads\/2023\/07\/Img2200-1-150x150.png 150w, https:\/\/spurs.ch\/wp-content\/uploads\/2023\/07\/Img2200-1-300x300.png 300w, https:\/\/spurs.ch\/wp-content\/uploads\/2023\/07\/Img2200-1-100x100.png 100w\" sizes=\"auto, (max-width: 150px) 100vw, 150px\" \/><\/div><\/div><\/div><\/div><\/div><div class=\"kt-infobox-textcontent\"><h2 class=\"kt-blocks-info-box-title\">Pr\u00e4sident<\/h2><p class=\"kt-blocks-info-box-text\">Daniel Graf<br>Kanton Basel-Land<\/p><\/div><\/span><\/div>\r\n\r\n\r\n\r\n<div style=\"height:20px\" aria-hidden=\"true\" class=\"wp-block-spacer\"><\/div>\r\n\r\n\r\n<style>.wp-block-kadence-column.kb-section-dir-horizontal > .kt-inside-inner-col > .kt-info-box511_b5b129-05 .kt-blocks-info-box-link-wrap{max-width:unset;}.kt-info-box511_b5b129-05 .kt-blocks-info-box-link-wrap{border-top:5px solid var(--global-palette7, #eeeeee);border-right:5px solid var(--global-palette7, #eeeeee);border-bottom:5px solid var(--global-palette7, #eeeeee);border-left:5px solid var(--global-palette7, #eeeeee);border-top-left-radius:20px;border-top-right-radius:20px;border-bottom-right-radius:20px;border-bottom-left-radius:20px;background:#ffffff;padding-top:var(--global-kb-spacing-sm, 1.5rem);padding-right:var(--global-kb-spacing-sm, 1.5rem);padding-bottom:var(--global-kb-spacing-sm, 1.5rem);padding-left:var(--global-kb-spacing-sm, 1.5rem);margin-top:50px;}.kt-info-box511_b5b129-05.wp-block-kadence-infobox{max-width:100%;}.kt-info-box511_b5b129-05 .kadence-info-box-image-inner-intrisic-container{max-width:150px;}.kt-info-box511_b5b129-05 .kadence-info-box-image-inner-intrisic-container .kadence-info-box-image-intrisic{padding-bottom:100%;width:150px;height:0px;max-width:100%;}.kt-info-box511_b5b129-05 .kadence-info-box-icon-container .kt-info-svg-icon, .kt-info-box511_b5b129-05 .kt-info-svg-icon-flip, .kt-info-box511_b5b129-05 .kt-blocks-info-box-number{font-size:50px;}.kt-info-box511_b5b129-05 .kt-blocks-info-box-media{background:#ffffff;border-color:var(--global-palette7, #eeeeee);border-radius:200px;overflow:hidden;border-top-width:5px;border-right-width:5px;border-bottom-width:5px;border-left-width:5px;padding-top:0px;padding-right:0px;padding-bottom:0px;padding-left:0px;}.kt-info-box511_b5b129-05 .kt-blocks-info-box-media-container{margin-top:-75px;margin-right:0px;margin-bottom:20px;margin-left:0px;}.kt-info-box511_b5b129-05 .kt-infobox-textcontent h2.kt-blocks-info-box-title{padding-top:0px;padding-right:0px;padding-bottom:0px;padding-left:0px;margin-top:5px;margin-right:0px;margin-bottom:10px;margin-left:0px;}.kt-info-box511_b5b129-05 .kt-blocks-info-box-learnmore{background:transparent;border-width:0px 0px 0px 0px;padding-top:4px;padding-right:8px;padding-bottom:4px;padding-left:8px;margin-top:10px;margin-right:0px;margin-bottom:10px;margin-left:0px;}@media all and (max-width: 1024px){.kt-info-box511_b5b129-05 .kt-blocks-info-box-link-wrap{border-top:5px solid var(--global-palette7, #eeeeee);border-right:5px solid var(--global-palette7, #eeeeee);border-bottom:5px solid var(--global-palette7, #eeeeee);border-left:5px solid var(--global-palette7, #eeeeee);}}@media all and (max-width: 767px){.kt-info-box511_b5b129-05 .kt-blocks-info-box-link-wrap{border-top:5px solid var(--global-palette7, #eeeeee);border-right:5px solid var(--global-palette7, #eeeeee);border-bottom:5px solid var(--global-palette7, #eeeeee);border-left:5px solid var(--global-palette7, #eeeeee);}}<\/style>\r\n<div class=\"wp-block-kadence-infobox kt-info-box511_b5b129-05\"><span class=\"kt-blocks-info-box-link-wrap info-box-link kt-blocks-info-box-media-align-top kt-info-halign-center\"><div class=\"kt-blocks-info-box-media-container\"><div class=\"kt-blocks-info-box-media kt-info-media-animate-none\"><div class=\"kadence-info-box-image-inner-intrisic-container\"><div class=\"kadence-info-box-image-intrisic kt-info-animate-none\"><div class=\"kadence-info-box-image-inner-intrisic\"><img loading=\"lazy\" decoding=\"async\" src=\"https:\/\/spurs.ch\/wp-content\/uploads\/2023\/07\/bc224e15-2686-428b-98f2-265ffcc59849-150x150.jpg\" alt=\"\" width=\"150\" height=\"150\" class=\"kt-info-box-image wp-image-514\" srcset=\"https:\/\/spurs.ch\/wp-content\/uploads\/2023\/07\/bc224e15-2686-428b-98f2-265ffcc59849-150x150.jpg 150w, https:\/\/spurs.ch\/wp-content\/uploads\/2023\/07\/bc224e15-2686-428b-98f2-265ffcc59849-300x300.jpg 300w, https:\/\/spurs.ch\/wp-content\/uploads\/2023\/07\/bc224e15-2686-428b-98f2-265ffcc59849-100x100.jpg 100w\" sizes=\"auto, (max-width: 150px) 100vw, 150px\" \/><\/div><\/div><\/div><\/div><\/div><div class=\"kt-infobox-textcontent\"><h2 class=\"kt-blocks-info-box-title\">Kassier<\/h2><p class=\"kt-blocks-info-box-text\">Marco Hassler<br>Kanton Bern<\/p><\/div><\/span><\/div>\r\n<\/div>\r\n\r\n\r\n\r\n<div class=\"wp-block-column is-layout-flow wp-block-column-is-layout-flow\"><style>.wp-block-kadence-column.kb-section-dir-horizontal > .kt-inside-inner-col > .kt-info-box511_a948cf-7f .kt-blocks-info-box-link-wrap{max-width:unset;}.kt-info-box511_a948cf-7f .kt-blocks-info-box-link-wrap{border-top:5px solid var(--global-palette7, #eeeeee);border-right:5px solid var(--global-palette7, #eeeeee);border-bottom:5px solid var(--global-palette7, #eeeeee);border-left:5px solid var(--global-palette7, #eeeeee);border-top-left-radius:20px;border-top-right-radius:20px;border-bottom-right-radius:20px;border-bottom-left-radius:20px;background:#ffffff;padding-top:var(--global-kb-spacing-sm, 1.5rem);padding-right:var(--global-kb-spacing-sm, 1.5rem);padding-bottom:var(--global-kb-spacing-sm, 1.5rem);padding-left:var(--global-kb-spacing-sm, 1.5rem);margin-top:50px;}.kt-info-box511_a948cf-7f.wp-block-kadence-infobox{max-width:100%;}.kt-info-box511_a948cf-7f .kadence-info-box-image-inner-intrisic-container{max-width:150px;}.kt-info-box511_a948cf-7f .kadence-info-box-image-inner-intrisic-container .kadence-info-box-image-intrisic{padding-bottom:100%;width:150px;height:0px;max-width:100%;}.kt-info-box511_a948cf-7f .kadence-info-box-icon-container .kt-info-svg-icon, .kt-info-box511_a948cf-7f .kt-info-svg-icon-flip, .kt-info-box511_a948cf-7f .kt-blocks-info-box-number{font-size:50px;}.kt-info-box511_a948cf-7f .kt-blocks-info-box-media{background:#ffffff;border-color:var(--global-palette7, #eeeeee);border-radius:200px;overflow:hidden;border-top-width:5px;border-right-width:5px;border-bottom-width:5px;border-left-width:5px;padding-top:0px;padding-right:0px;padding-bottom:0px;padding-left:0px;}.kt-info-box511_a948cf-7f .kt-blocks-info-box-media-container{margin-top:-75px;margin-right:0px;margin-bottom:20px;margin-left:0px;}.kt-info-box511_a948cf-7f .kt-infobox-textcontent h2.kt-blocks-info-box-title{padding-top:0px;padding-right:0px;padding-bottom:0px;padding-left:0px;margin-top:5px;margin-right:0px;margin-bottom:10px;margin-left:0px;}.kt-info-box511_a948cf-7f .kt-blocks-info-box-learnmore{background:transparent;border-width:0px 0px 0px 0px;padding-top:4px;padding-right:8px;padding-bottom:4px;padding-left:8px;margin-top:10px;margin-right:0px;margin-bottom:10px;margin-left:0px;}@media all and (max-width: 1024px){.kt-info-box511_a948cf-7f .kt-blocks-info-box-link-wrap{border-top:5px solid var(--global-palette7, #eeeeee);border-right:5px solid var(--global-palette7, #eeeeee);border-bottom:5px solid var(--global-palette7, #eeeeee);border-left:5px solid var(--global-palette7, #eeeeee);}}@media all and (max-width: 767px){.kt-info-box511_a948cf-7f .kt-blocks-info-box-link-wrap{border-top:5px solid var(--global-palette7, #eeeeee);border-right:5px solid var(--global-palette7, #eeeeee);border-bottom:5px solid var(--global-palette7, #eeeeee);border-left:5px solid var(--global-palette7, #eeeeee);}}<\/style>\r\n<div class=\"wp-block-kadence-infobox kt-info-box511_a948cf-7f\"><span class=\"kt-blocks-info-box-link-wrap info-box-link kt-blocks-info-box-media-align-top kt-info-halign-center\"><div class=\"kt-blocks-info-box-media-container\"><div class=\"kt-blocks-info-box-media kt-info-media-animate-none\"><div class=\"kadence-info-box-image-inner-intrisic-container\"><div class=\"kadence-info-box-image-intrisic kt-info-animate-none\"><div class=\"kadence-info-box-image-inner-intrisic\"><img loading=\"lazy\" decoding=\"async\" src=\"https:\/\/spurs.ch\/wp-content\/uploads\/2023\/07\/52984818917_dc1be7a33c_b-150x150.png\" alt=\"\" width=\"150\" height=\"150\" class=\"kt-info-box-image wp-image-840\" srcset=\"https:\/\/spurs.ch\/wp-content\/uploads\/2023\/07\/52984818917_dc1be7a33c_b-150x150.png 150w, https:\/\/spurs.ch\/wp-content\/uploads\/2023\/07\/52984818917_dc1be7a33c_b-300x300.png 300w, https:\/\/spurs.ch\/wp-content\/uploads\/2023\/07\/52984818917_dc1be7a33c_b-100x100.png 100w\" sizes=\"auto, (max-width: 150px) 100vw, 150px\" \/><\/div><\/div><\/div><\/div><\/div><div class=\"kt-infobox-textcontent\"><h2 class=\"kt-blocks-info-box-title\">Vize-President<\/h2><p class=\"kt-blocks-info-box-text\">Patrick K\u00fcenzi<br>Kanton Basel-Land<\/p><\/div><\/span><\/div>\r\n\r\n\r\n\r\n<div style=\"height:20px\" aria-hidden=\"true\" class=\"wp-block-spacer\"><\/div>\r\n\r\n\r\n<style>.wp-block-kadence-column.kb-section-dir-horizontal > .kt-inside-inner-col > .kt-info-box511_42511b-b9 .kt-blocks-info-box-link-wrap{max-width:unset;}.kt-info-box511_42511b-b9 .kt-blocks-info-box-link-wrap{border-top:5px solid var(--global-palette7, #eeeeee);border-right:5px solid var(--global-palette7, #eeeeee);border-bottom:5px solid var(--global-palette7, #eeeeee);border-left:5px solid var(--global-palette7, #eeeeee);border-top-left-radius:20px;border-top-right-radius:20px;border-bottom-right-radius:20px;border-bottom-left-radius:20px;background:#ffffff;padding-top:var(--global-kb-spacing-sm, 1.5rem);padding-right:var(--global-kb-spacing-sm, 1.5rem);padding-bottom:var(--global-kb-spacing-sm, 1.5rem);padding-left:var(--global-kb-spacing-sm, 1.5rem);margin-top:50px;}.kt-info-box511_42511b-b9.wp-block-kadence-infobox{max-width:100%;}.kt-info-box511_42511b-b9 .kadence-info-box-image-inner-intrisic-container{max-width:150px;}.kt-info-box511_42511b-b9 .kadence-info-box-image-inner-intrisic-container .kadence-info-box-image-intrisic{padding-bottom:100%;width:150px;height:0px;max-width:100%;}.kt-info-box511_42511b-b9 .kadence-info-box-icon-container .kt-info-svg-icon, .kt-info-box511_42511b-b9 .kt-info-svg-icon-flip, .kt-info-box511_42511b-b9 .kt-blocks-info-box-number{font-size:50px;}.kt-info-box511_42511b-b9 .kt-blocks-info-box-media{background:#ffffff;border-color:var(--global-palette7, #eeeeee);border-radius:200px;overflow:hidden;border-top-width:5px;border-right-width:5px;border-bottom-width:5px;border-left-width:5px;padding-top:0px;padding-right:0px;padding-bottom:0px;padding-left:0px;}.kt-info-box511_42511b-b9 .kt-blocks-info-box-media-container{margin-top:-75px;margin-right:0px;margin-bottom:20px;margin-left:0px;}.kt-info-box511_42511b-b9 .kt-infobox-textcontent h2.kt-blocks-info-box-title{padding-top:0px;padding-right:0px;padding-bottom:0px;padding-left:0px;margin-top:5px;margin-right:0px;margin-bottom:10px;margin-left:0px;}.kt-info-box511_42511b-b9 .kt-blocks-info-box-learnmore{background:transparent;border-width:0px 0px 0px 0px;padding-top:4px;padding-right:8px;padding-bottom:4px;padding-left:8px;margin-top:10px;margin-right:0px;margin-bottom:10px;margin-left:0px;}@media all and (max-width: 1024px){.kt-info-box511_42511b-b9 .kt-blocks-info-box-link-wrap{border-top:5px solid var(--global-palette7, #eeeeee);border-right:5px solid var(--global-palette7, #eeeeee);border-bottom:5px solid var(--global-palette7, #eeeeee);border-left:5px solid var(--global-palette7, #eeeeee);}}@media all and (max-width: 767px){.kt-info-box511_42511b-b9 .kt-blocks-info-box-link-wrap{border-top:5px solid var(--global-palette7, #eeeeee);border-right:5px solid var(--global-palette7, #eeeeee);border-bottom:5px solid var(--global-palette7, #eeeeee);border-left:5px solid var(--global-palette7, #eeeeee);}}<\/style>\r\n<div class=\"wp-block-kadence-infobox kt-info-box511_42511b-b9\"><span class=\"kt-blocks-info-box-link-wrap info-box-link kt-blocks-info-box-media-align-top kt-info-halign-center\"><div class=\"kt-blocks-info-box-media-container\"><div class=\"kt-blocks-info-box-media kt-info-media-animate-none\"><div class=\"kadence-info-box-image-inner-intrisic-container\"><div class=\"kadence-info-box-image-intrisic kt-info-animate-none\"><div class=\"kadence-info-box-image-inner-intrisic\"><img loading=\"lazy\" decoding=\"async\" src=\"https:\/\/spurs.ch\/wp-content\/uploads\/2023\/07\/Huber-Beat-150x150.png\" alt=\"\" width=\"150\" height=\"150\" class=\"kt-info-box-image wp-image-863\" srcset=\"https:\/\/spurs.ch\/wp-content\/uploads\/2023\/07\/Huber-Beat-150x150.png 150w, https:\/\/spurs.ch\/wp-content\/uploads\/2023\/07\/Huber-Beat-300x300.png 300w, https:\/\/spurs.ch\/wp-content\/uploads\/2023\/07\/Huber-Beat-100x100.png 100w\" sizes=\"auto, (max-width: 150px) 100vw, 150px\" \/><\/div><\/div><\/div><\/div><\/div><div class=\"kt-infobox-textcontent\"><h2 class=\"kt-blocks-info-box-title\">Aktuar<\/h2><p class=\"kt-blocks-info-box-text\">Beat Huber<br>Kanton Z\u00fcrich<\/p><\/div><\/span><\/div>\r\n<\/div>\r\n<\/div>\r\n","protected":false},"excerpt":{"rendered":"<p>Vorstand Pr\u00e4sident Daniel GrafKanton Basel-Land Kassier Marco HasslerKanton Bern Vize-President Patrick K\u00fcenziKanton Basel-Land Aktuar Beat HuberKanton Z\u00fcrich<\/p>\n","protected":false},"author":2,"featured_media":0,"parent":0,"menu_order":0,"comment_status":"closed","ping_status":"closed","template":"","meta":{"kt_blocks_editor_width":"","_themeisle_gutenberg_block_has_review":false,"footnotes":""},"class_list":["post-511","page","type-page","status-publish","hentry"],"featured_image_src":null,"_links":{"self":[{"href":"https:\/\/spurs.ch\/de\/wp-json\/wp\/v2\/pages\/511","targetHints":{"allow":["GET"]}}],"collection":[{"href":"https:\/\/spurs.ch\/de\/wp-json\/wp\/v2\/pages"}],"about":[{"href":"https:\/\/spurs.ch\/de\/wp-json\/wp\/v2\/types\/page"}],"author":[{"embeddable":true,"href":"https:\/\/spurs.ch\/de\/wp-json\/wp\/v2\/users\/2"}],"replies":[{"embeddable":true,"href":"https:\/\/spurs.ch\/de\/wp-json\/wp\/v2\/comments?post=511"}],"version-history":[{"count":0,"href":"https:\/\/spurs.ch\/de\/wp-json\/wp\/v2\/pages\/511\/revisions"}],"wp:attachment":[{"href":"https:\/\/spurs.ch\/de\/wp-json\/wp\/v2\/media?parent=511"}],"curies":[{"name":"wp","href":"https:\/\/api.w.org\/{rel}","templated":true}]}}