{"id":2325,"date":"2024-07-03T21:02:32","date_gmt":"2024-07-03T19:02:32","guid":{"rendered":"https:\/\/spurs.ch\/register\/"},"modified":"2024-08-26T07:56:16","modified_gmt":"2024-08-26T05:56:16","slug":"register","status":"publish","type":"page","link":"https:\/\/spurs.ch\/de\/register\/","title":{"rendered":"Registrieren"},"content":{"rendered":"\r\n<h2 class=\"wp-block-heading has-text-align-center has-white-color has-text-color has-background\" style=\"background-color: #1a2a49;\">Register<\/h2>\r\n\r\n\r\n\r\n<p class=\"has-text-align-center has-very-light-gray-background-color has-background\">Zur Zeit akzeptieren wir ausschliesslich Anmeldungen von Swiss Spurs Mitgliedern.<br \/>Die Zugriffsberechtigung zum Member Portal wird jeweils manuell \u00fcberpr\u00fcft und muss freigeschalten werden. Aus technischen Gr\u00fcnden ist das deutschsprachige Formular nicht verf\u00fcgbar. <a href=\"https:\/\/spurs.ch\/register\/\">Bitte wechseln Sie zum englischsprachigen Formular<\/a>.<br \/><br \/><br \/><\/p>\r\n","protected":false},"excerpt":{"rendered":"<p>Register Zur Zeit akzeptieren wir ausschliesslich Anmeldungen von Swiss Spurs Mitgliedern.Die Zugriffsberechtigung zum Member Portal wird jeweils manuell \u00fcberpr\u00fcft und muss freigeschalten werden. Aus technischen Gr\u00fcnden ist das deutschsprachige Formular nicht verf\u00fcgbar. Bitte wechseln Sie zum englischsprachigen Formular.<\/p>\n","protected":false},"author":2,"featured_media":0,"parent":0,"menu_order":0,"comment_status":"closed","ping_status":"closed","template":"","meta":{"kt_blocks_editor_width":"","_themeisle_gutenberg_block_has_review":false,"footnotes":""},"class_list":["post-2325","page","type-page","status-publish","hentry"],"featured_image_src":null,"_links":{"self":[{"href":"https:\/\/spurs.ch\/de\/wp-json\/wp\/v2\/pages\/2325","targetHints":{"allow":["GET"]}}],"collection":[{"href":"https:\/\/spurs.ch\/de\/wp-json\/wp\/v2\/pages"}],"about":[{"href":"https:\/\/spurs.ch\/de\/wp-json\/wp\/v2\/types\/page"}],"author":[{"embeddable":true,"href":"https:\/\/spurs.ch\/de\/wp-json\/wp\/v2\/users\/2"}],"replies":[{"embeddable":true,"href":"https:\/\/spurs.ch\/de\/wp-json\/wp\/v2\/comments?post=2325"}],"version-history":[{"count":0,"href":"https:\/\/spurs.ch\/de\/wp-json\/wp\/v2\/pages\/2325\/revisions"}],"wp:attachment":[{"href":"https:\/\/spurs.ch\/de\/wp-json\/wp\/v2\/media?parent=2325"}],"curies":[{"name":"wp","href":"https:\/\/api.w.org\/{rel}","templated":true}]}}